{"id":749,"date":"2023-10-29T22:04:40","date_gmt":"2023-10-30T02:04:40","guid":{"rendered":"https:\/\/drummondvinyl.com\/?page_id=749"},"modified":"2026-03-10T17:48:43","modified_gmt":"2026-03-10T21:48:43","slug":"step-by-step","status":"publish","type":"page","link":"https:\/\/drummondvinyl.com\/fr\/step-by-step\/","title":{"rendered":"Step-by-Step"},"content":{"rendered":"<div data-elementor-type=\"wp-page\" data-elementor-id=\"749\" class=\"elementor elementor-749\" data-elementor-post-type=\"page\">\n\t\t\t\t\t\t<section class=\"elementor-section elementor-top-section elementor-element elementor-element-d6fd99b elementor-section-boxed elementor-section-height-default elementor-section-height-default\" data-id=\"d6fd99b\" data-element_type=\"section\" data-e-type=\"section\">\n\t\t\t\t\t\t<div class=\"elementor-container elementor-column-gap-default\">\n\t\t\t\t\t<div class=\"elementor-column elementor-col-100 elementor-top-column elementor-element elementor-element-9e9b0bc\" data-id=\"9e9b0bc\" data-element_type=\"column\" data-e-type=\"column\">\n\t\t\t<div class=\"elementor-widget-wrap\">\n\t\t\t\t\t\t\t<\/div>\n\t\t<\/div>\n\t\t\t\t\t<\/div>\n\t\t<\/section>\n\t\t\t\t<section class=\"elementor-section elementor-top-section elementor-element elementor-element-02f772d elementor-section-boxed elementor-section-height-default elementor-section-height-default\" data-id=\"02f772d\" data-element_type=\"section\" data-e-type=\"section\">\n\t\t\t\t\t\t<div class=\"elementor-container elementor-column-gap-default\">\n\t\t\t\t\t<div class=\"elementor-column elementor-col-100 elementor-top-column elementor-element elementor-element-777deb1\" data-id=\"777deb1\" data-element_type=\"column\" data-e-type=\"column\">\n\t\t\t<div class=\"elementor-widget-wrap elementor-element-populated\">\n\t\t\t\t\t\t<div class=\"elementor-element elementor-element-77e4cf9 elementor-widget elementor-widget-menu-anchor\" data-id=\"77e4cf9\" data-element_type=\"widget\" data-e-type=\"widget\" data-widget_type=\"menu-anchor.default\">\n\t\t\t\t<div class=\"elementor-widget-container\">\n\t\t\t\t\t\t\t<div class=\"elementor-menu-anchor\" id=\"Stepstovinylpressing\"><\/div>\n\t\t\t\t\t\t<\/div>\n\t\t\t\t<\/div>\n\t\t\t\t<div class=\"elementor-element elementor-element-a5d0005 elementor-widget elementor-widget-heading\" data-id=\"a5d0005\" data-element_type=\"widget\" data-e-type=\"widget\" data-widget_type=\"heading.default\">\n\t\t\t\t<div class=\"elementor-widget-container\">\n\t\t\t\t\t<h2 class=\"elementor-heading-title elementor-size-default\">Les \u00e9tapes du pressage de vinyle<\/h2>\t\t\t\t<\/div>\n\t\t\t\t<\/div>\n\t\t\t\t<div class=\"elementor-element elementor-element-6b47449 elementor-widget-divider--view-line elementor-widget elementor-widget-divider\" data-id=\"6b47449\" data-element_type=\"widget\" data-e-type=\"widget\" data-widget_type=\"divider.default\">\n\t\t\t\t<div class=\"elementor-widget-container\">\n\t\t\t\t\t\t\t<div class=\"elementor-divider\">\n\t\t\t<span class=\"elementor-divider-separator\">\n\t\t\t\t\t\t<\/span>\n\t\t<\/div>\n\t\t\t\t\t\t<\/div>\n\t\t\t\t<\/div>\n\t\t\t\t<div class=\"elementor-element elementor-element-4f4c43e elementor-widget elementor-widget-text-editor\" data-id=\"4f4c43e\" data-element_type=\"widget\" data-e-type=\"widget\" data-widget_type=\"text-editor.default\">\n\t\t\t\t<div class=\"elementor-widget-container\">\n\t\t\t\t\t\t\t\t\t<h3>Pr\u00eat \u00e0 d\u00e9marrer votre projet ? Suivez ces quelques trucs et astuces utiles !<\/h3>\t\t\t\t\t\t\t\t<\/div>\n\t\t\t\t<\/div>\n\t\t\t\t<div class=\"elementor-element elementor-element-2fae370 elementor-widget elementor-widget-image\" data-id=\"2fae370\" data-element_type=\"widget\" data-e-type=\"widget\" data-widget_type=\"image.default\">\n\t\t\t\t<div class=\"elementor-widget-container\">\n\t\t\t\t\t\t\t\t\t\t\t\t\t\t\t<img fetchpriority=\"high\" decoding=\"async\" width=\"1024\" height=\"683\" src=\"https:\/\/drummondvinyl.com\/wp-content\/uploads\/2025\/08\/Les-etapes.png\" class=\"attachment-large size-large wp-image-1264\" alt=\"\" srcset=\"https:\/\/drummondvinyl.com\/wp-content\/uploads\/2025\/08\/Les-etapes.png 1536w, https:\/\/drummondvinyl.com\/wp-content\/uploads\/2025\/08\/Les-etapes-300x200.png 300w\" sizes=\"(max-width: 1024px) 100vw, 1024px\" \/>\t\t\t\t\t\t\t\t\t\t\t\t\t\t\t<\/div>\n\t\t\t\t<\/div>\n\t\t\t\t<div class=\"elementor-element elementor-element-c542201 elementor-widget elementor-widget-heading\" data-id=\"c542201\" data-element_type=\"widget\" data-e-type=\"widget\" data-widget_type=\"heading.default\">\n\t\t\t\t<div class=\"elementor-widget-container\">\n\t\t\t\t\t<h2 class=\"elementor-heading-title elementor-size-default\">\u00c9tape 1 : Obtenez un devis<\/h2>\t\t\t\t<\/div>\n\t\t\t\t<\/div>\n\t\t\t\t<div class=\"elementor-element elementor-element-64e3050 elementor-widget elementor-widget-text-editor\" data-id=\"64e3050\" data-element_type=\"widget\" data-e-type=\"widget\" data-widget_type=\"text-editor.default\">\n\t\t\t\t<div class=\"elementor-widget-container\">\n\t\t\t\t\t\t\t\t\t<p>Remplissez le formulaire sur notre site et nous vous contacterons pour encadrer l'ensemble votre projet et r\u00e9pondre \u00e0 toutes vos questions.<\/p>\t\t\t\t\t\t\t\t<\/div>\n\t\t\t\t<\/div>\n\t\t\t\t<div class=\"elementor-element elementor-element-836dc41 elementor-widget elementor-widget-heading\" data-id=\"836dc41\" data-element_type=\"widget\" data-e-type=\"widget\" data-widget_type=\"heading.default\">\n\t\t\t\t<div class=\"elementor-widget-container\">\n\t\t\t\t\t<h2 class=\"elementor-heading-title elementor-size-default\">\u00c9tape 2\u00a0: Soumettez les fichiers graphiques et les masters audio\n<\/h2>\t\t\t\t<\/div>\n\t\t\t\t<\/div>\n\t\t\t\t<div class=\"elementor-element elementor-element-237afea elementor-widget elementor-widget-text-editor\" data-id=\"237afea\" data-element_type=\"widget\" data-e-type=\"widget\" data-widget_type=\"text-editor.default\">\n\t\t\t\t<div class=\"elementor-widget-container\">\n\t\t\t\t\t\t\t\t\t<p>Envoyez-nous vos fichiers audio et vos illustrations pour vos jaquettes et pochettes \u00e0 l'aide de nos mod\u00e8les.<\/p><p><b>Nous vous fournirons les gabarits n\u00e9cessaires \u00e0 la pr\u00e9paration du projet, ainsi que les consignes et recommandations.<\/b><b> Les voici:<\/b><\/p><p class=\"translation-block\"><b>Graphisme<\/b> (soumettre via Google Drive, WeTransfer, Dropbox, etc) :<\/p><ul><li style=\"font-weight: 400;\" aria-level=\"1\"><span style=\"font-weight: 400;\">Soumettre tous les fichiers en format pdf<\/span><\/li><li style=\"font-weight: 400;\" aria-level=\"1\"><span style=\"font-weight: 400;\">Tout design doit s'\u00e9tendre jusqu'\u00e0 la ligne de d\u00e9bordement (Bleed)<\/span><\/li><li style=\"font-weight: 400;\" aria-level=\"1\"><span style=\"font-weight: 400;\">Tout visuel d\u2019importance doit \u00eatre contenu \u00e0 l\u2019int\u00e9rieur de la ligne (Safety)<\/span><\/li><li style=\"font-weight: 400;\" aria-level=\"1\"><span style=\"font-weight: 400;\">Tout texte doit \u00eatre vectoris\u00e9 (\"outline\u201d)<\/span><\/li><li style=\"font-weight: 400;\" aria-level=\"1\"><span style=\"font-weight: 400;\">Toute image doit avoir une r\u00e9solution de 300dpi ou plus<\/span><\/li><li style=\"font-weight: 400;\" aria-level=\"1\"><span style=\"font-weight: 400;\">Pour tous les fichiers : Mettre le gabarit dans un \u201clayer\u201d diff\u00e9rent que celui du design<\/span><\/li><\/ul><p><span style=\"font-weight: bold;\">*<\/span><span style=\"font-weight: bold;\">IMPORTANT<\/span><span style=\"font-weight: bold;\">:<\/span> La mauvaise application des consignes graphiques ou r\u00e9ajustement des fichiers une fois officiellement soumis pourraient entra\u00eener des charges suppl\u00e9mentaires. Veuillez bien suivre les consignes et n\u2019h\u00e9sitez pas \u00e0 nous contacter pour toute question.<\/p><p><b>Audio <\/b><i>(soumettre via Google Drive, WeTransfer, Dropbox, etc)  :<\/i><b> :\u00a0<\/b><\/p><ul><li style=\"font-weight: 400;\" aria-level=\"1\"><span style=\"font-weight: 400;\">Soumettre tous les fichiers en format WAV ou AIFF; soit pi\u00e8ce par pi\u00e8ce ou 1 fichier par face.<\/span><\/li><li aria-level=\"1\"><p>Quelle est la dur\u00e9e maximale pour un vinyle? Voici une r\u00e9f\u00e9rence:<br \/><strong>12\u2033 LP (33 1\/3 RPM)<\/strong><br \/>OPTIMAL : 13 \/ 15 minutes par face<br \/>MAXIMUM : 23 minutes par face<\/p><p><strong>12\u2033 Single or EP (45 RPM)<\/strong><br \/>OPTIMAL : 10 minutes par face<br \/>MAXIMUM : 15 minutes par face<\/p><\/li><li style=\"font-weight: 400;\" aria-level=\"1\"><span style=\"font-weight: 400;\">Remplir la fiche technique \u201ctrack listing\u201d que nous fournirons, ou nous envoyer celle fournie par le studio charg\u00e9 du mastering du projet.<\/span><\/li><li style=\"font-weight: 400;\" aria-level=\"1\"><b>Important:<\/b><span style=\"font-weight: 400;\">Soumettre ou choisir un num\u00e9ro de matrice (aussi appel\u00e9 num\u00e9ro de catalogue). Ce num\u00e9ro servira de r\u00e9f\u00e9rence \u00e0 votre projet en plus d\u2019\u00eatre grav\u00e9 sur la portion du vinyle appel\u00e9e \u201cdead wax\u201d, soit la zone entre la derni\u00e8re chanson et l\u2019\u00e9tiquette centre, sur chaque face.<\/span><\/li><\/ul>\t\t\t\t\t\t\t\t<\/div>\n\t\t\t\t<\/div>\n\t\t\t\t<div class=\"elementor-element elementor-element-2641c84 elementor-widget elementor-widget-heading\" data-id=\"2641c84\" data-element_type=\"widget\" data-e-type=\"widget\" data-widget_type=\"heading.default\">\n\t\t\t\t<div class=\"elementor-widget-container\">\n\t\t\t\t\t<h2 class=\"elementor-heading-title elementor-size-default\">\u00c9tape 3: Gravure de l\u2019ac\u00e9tate ma\u00eetre, Galvanoplastie &amp; ac\u00e9tates (Stampers)\n<\/h2>\t\t\t\t<\/div>\n\t\t\t\t<\/div>\n\t\t\t\t<div class=\"elementor-element elementor-element-4051ae3 elementor-widget elementor-widget-text-editor\" data-id=\"4051ae3\" data-element_type=\"widget\" data-e-type=\"widget\" data-widget_type=\"text-editor.default\">\n\t\t\t\t<div class=\"elementor-widget-container\">\n\t\t\t\t\t\t\t\t\t<p>Votre musique sera grav\u00e9e sur un laquer, puis envoy\u00e9e \u00e0 une installation pour l'electroplating o\u00f9 vos stampers seront cr\u00e9\u00e9s. Cela deviendra le moule \u00e0 partir duquel votre disque sera press\u00e9. Une fois pr\u00eats, ils nous seront renvoy\u00e9s afin que nous puissions pr\u00e9parer un test pressing.<\/p>\t\t\t\t\t\t\t\t<\/div>\n\t\t\t\t<\/div>\n\t\t\t\t<div class=\"elementor-element elementor-element-077a13f elementor-widget elementor-widget-heading\" data-id=\"077a13f\" data-element_type=\"widget\" data-e-type=\"widget\" data-widget_type=\"heading.default\">\n\t\t\t\t<div class=\"elementor-widget-container\">\n\t\t\t\t\t<h2 class=\"elementor-heading-title elementor-size-default\">\u00c9tape 4\u00a0:\u00a0Test pressings et \u00e9preuves visuelles<\/h2>\t\t\t\t<\/div>\n\t\t\t\t<\/div>\n\t\t\t\t<div class=\"elementor-element elementor-element-3b16ff3 elementor-widget elementor-widget-text-editor\" data-id=\"3b16ff3\" data-element_type=\"widget\" data-e-type=\"widget\" data-widget_type=\"text-editor.default\">\n\t\t\t\t<div class=\"elementor-widget-container\">\n\t\t\t\t\t\t\t\t\t<p>Nous vous enverrons des \u00e9preuves PDF num\u00e9riques de toutes vos \u0153uvres \u00e0 examiner avant de les envoyer \u00e0 l\u2019impression.<\/p><p>Le test pressing vous sera exp\u00e9di\u00e9 pour que vous puissiez l\u2019\u00e9couter et nous envoyer votre approbation.<\/p><p>Assurez-vous de v\u00e9rifier soigneusement chaque d\u00e9tail, car c\u2019est votre derni\u00e8re chance d\u2019apporter des corrections avant de mettre sous presse. Nous vous enverrons \u00e9galement une liste de ce qu\u2019il faut examiner et comment le faire.<\/p>\t\t\t\t\t\t\t\t<\/div>\n\t\t\t\t<\/div>\n\t\t\t\t<div class=\"elementor-element elementor-element-79dcb6f elementor-widget elementor-widget-heading\" data-id=\"79dcb6f\" data-element_type=\"widget\" data-e-type=\"widget\" data-widget_type=\"heading.default\">\n\t\t\t\t<div class=\"elementor-widget-container\">\n\t\t\t\t\t<h2 class=\"elementor-heading-title elementor-size-default\">\u00c9tape 5 : Pressage, emballage et exp\u00e9dition<\/h2>\t\t\t\t<\/div>\n\t\t\t\t<\/div>\n\t\t\t\t<div class=\"elementor-element elementor-element-188658d elementor-widget elementor-widget-text-editor\" data-id=\"188658d\" data-element_type=\"widget\" data-e-type=\"widget\" data-widget_type=\"text-editor.default\">\n\t\t\t\t<div class=\"elementor-widget-container\">\n\t\t\t\t\t\t\t\t\t<p>Nous presserons vos disques une fois que nous aurons en mains vos \u00e9preuves visuelles approuv\u00e9es.<\/p><p>Apr\u00e8s production et inspection selon nos normes de contr\u00f4le qualit\u00e9, votre commande vous sera emball\u00e9e et exp\u00e9di\u00e9e\u00a0!<\/p>\t\t\t\t\t\t\t\t<\/div>\n\t\t\t\t<\/div>\n\t\t\t\t<div class=\"elementor-element elementor-element-b565e9f elementor-widget elementor-widget-button\" data-id=\"b565e9f\" data-element_type=\"widget\" data-e-type=\"widget\" data-widget_type=\"button.default\">\n\t\t\t\t<div class=\"elementor-widget-container\">\n\t\t\t\t\t\t\t\t\t<div class=\"elementor-button-wrapper\">\n\t\t\t\t\t<a class=\"elementor-button elementor-button-link elementor-size-sm elementor-animation-grow\" href=\"https:\/\/drummondvinyl.com\/fr\/custom-quote\/\">\n\t\t\t\t\t\t<span class=\"elementor-button-content-wrapper\">\n\t\t\t\t\t\t\t\t\t<span class=\"elementor-button-text\">D\u00e9butez votre projet<\/span>\n\t\t\t\t\t<\/span>\n\t\t\t\t\t<\/a>\n\t\t\t\t<\/div>\n\t\t\t\t\t\t\t\t<\/div>\n\t\t\t\t<\/div>\n\t\t\t\t\t<\/div>\n\t\t<\/div>\n\t\t\t\t\t<\/div>\n\t\t<\/section>\n\t\t\t\t<\/div>","protected":false},"excerpt":{"rendered":"<p>Steps to vinyl pressing Ready to get your project started? Follow these few helpful tips and tricks! Step 1: Get a quote Fill out the form on our website and we will get in touch to oversee your project together and make sure to answer all your questions. Step 2: Submit Artwork &amp; Audio Masters &#8230; <a title=\"Step-by-Step\" class=\"read-more\" href=\"https:\/\/drummondvinyl.com\/fr\/step-by-step\/\" aria-label=\"Read more about Step-by-Step\">Continuer la lecture<\/a><\/p>","protected":false},"author":1,"featured_media":0,"parent":0,"menu_order":0,"comment_status":"closed","ping_status":"closed","template":"elementor_header_footer","meta":{"om_disable_all_campaigns":false,"_monsterinsights_skip_tracking":false,"_monsterinsights_sitenote_active":false,"_monsterinsights_sitenote_note":"","_monsterinsights_sitenote_category":0,"footnotes":""},"class_list":["post-749","page","type-page","status-publish"],"aioseo_notices":[],"_links":{"self":[{"href":"https:\/\/drummondvinyl.com\/fr\/wp-json\/wp\/v2\/pages\/749","targetHints":{"allow":["GET"]}}],"collection":[{"href":"https:\/\/drummondvinyl.com\/fr\/wp-json\/wp\/v2\/pages"}],"about":[{"href":"https:\/\/drummondvinyl.com\/fr\/wp-json\/wp\/v2\/types\/page"}],"author":[{"embeddable":true,"href":"https:\/\/drummondvinyl.com\/fr\/wp-json\/wp\/v2\/users\/1"}],"replies":[{"embeddable":true,"href":"https:\/\/drummondvinyl.com\/fr\/wp-json\/wp\/v2\/comments?post=749"}],"version-history":[{"count":30,"href":"https:\/\/drummondvinyl.com\/fr\/wp-json\/wp\/v2\/pages\/749\/revisions"}],"predecessor-version":[{"id":1942,"href":"https:\/\/drummondvinyl.com\/fr\/wp-json\/wp\/v2\/pages\/749\/revisions\/1942"}],"wp:attachment":[{"href":"https:\/\/drummondvinyl.com\/fr\/wp-json\/wp\/v2\/media?parent=749"}],"curies":[{"name":"wp","href":"https:\/\/api.w.org\/{rel}","templated":true}]}}